{"id":24,"date":"2023-11-06T20:53:09","date_gmt":"2023-11-06T18:53:09","guid":{"rendered":"https:\/\/olzy.eu\/riiul\/?page_id=24"},"modified":"2023-11-07T14:43:03","modified_gmt":"2023-11-07T12:43:03","slug":"kontakt","status":"publish","type":"page","link":"https:\/\/olzy.eu\/riiul\/kontakt\/","title":{"rendered":"KES?"},"content":{"rendered":"\n<p>Siia lisan siis v\u00e4heke infot ka endast kes seda lehte haldab.<\/p>\n\n\n\n<div class=\"wp-block-media-text is-stacked-on-mobile is-style-rounded\" style=\"grid-template-columns:23% auto\"><figure class=\"wp-block-media-text__media\"><img loading=\"lazy\" decoding=\"async\" width=\"1024\" height=\"1024\" src=\"https:\/\/olzy.eu\/riiul\/wp-content\/uploads\/2023\/11\/homes-1024x1024.jpg\" alt=\"\" class=\"wp-image-48 size-full\" srcset=\"https:\/\/olzy.eu\/riiul\/wp-content\/uploads\/2023\/11\/homes-1024x1024.jpg 1024w, https:\/\/olzy.eu\/riiul\/wp-content\/uploads\/2023\/11\/homes-300x300.jpg 300w, https:\/\/olzy.eu\/riiul\/wp-content\/uploads\/2023\/11\/homes-150x150.jpg 150w, https:\/\/olzy.eu\/riiul\/wp-content\/uploads\/2023\/11\/homes-768x768.jpg 768w, https:\/\/olzy.eu\/riiul\/wp-content\/uploads\/2023\/11\/homes-624x624.jpg 624w, https:\/\/olzy.eu\/riiul\/wp-content\/uploads\/2023\/11\/homes.jpg 1080w\" sizes=\"auto, (max-width: 1024px) 100vw, 1024px\" \/><\/figure><div class=\"wp-block-media-text__content\">\n<p>Nimeks on mul siis <strong>Oliver<\/strong>, t\u00f6\u00f6tan kaubanduses ja huvideks on nii interneti maailmas toimuv kui ka p\u00e4ris elus<strong> spordi<\/strong>ga tegelemine ja <strong>auto<\/strong> juhtimise nautimine. <strong>Muusika<\/strong> kuulamine suur osa minu elust, v\u00e4heke ka <strong>gamingut<\/strong> ning s\u00f5pradega chillimine ja pidutsemine osa sellest.<\/p>\n<\/div><\/div>\n\n\n\n<p>FIlmid ja sarjad on ka v\u00e4ike osa elu nautimisest. Internetis meeldib mulle sisu loomine nii video,pildi,veebi maailmas. <\/p>\n\n\n\n<hr class=\"wp-block-separator has-alpha-channel-opacity\"\/>\n\n\n\n<p><em>Sotsiaalmeedia<\/em><\/p>\n\n\n\n<ul class=\"wp-block-social-links is-style-logos-only is-layout-flex wp-block-social-links-is-layout-flex\"><li class=\"wp-social-link wp-social-link-facebook  wp-block-social-link\"><a href=\"https:\/\/www.facebook.com\/oliver.voip\" class=\"wp-block-social-link-anchor\"><svg width=\"24\" height=\"24\" viewBox=\"0 0 24 24\" version=\"1.1\" xmlns=\"http:\/\/www.w3.org\/2000\/svg\" aria-hidden=\"true\" focusable=\"false\"><path d=\"M12 2C6.5 2 2 6.5 2 12c0 5 3.7 9.1 8.4 9.9v-7H7.9V12h2.5V9.8c0-2.5 1.5-3.9 3.8-3.9 1.1 0 2.2.2 2.2.2v2.5h-1.3c-1.2 0-1.6.8-1.6 1.6V12h2.8l-.4 2.9h-2.3v7C18.3 21.1 22 17 22 12c0-5.5-4.5-10-10-10z\"><\/path><\/svg><span class=\"wp-block-social-link-label screen-reader-text\">Facebook<\/span><\/a><\/li>\n\n<li class=\"wp-social-link wp-social-link-instagram  wp-block-social-link\"><a href=\"https:\/\/www.instagram.com\/oliver.voip\/\" class=\"wp-block-social-link-anchor\"><svg width=\"24\" height=\"24\" viewBox=\"0 0 24 24\" version=\"1.1\" xmlns=\"http:\/\/www.w3.org\/2000\/svg\" aria-hidden=\"true\" focusable=\"false\"><path d=\"M12,4.622c2.403,0,2.688,0.009,3.637,0.052c0.877,0.04,1.354,0.187,1.671,0.31c0.42,0.163,0.72,0.358,1.035,0.673 c0.315,0.315,0.51,0.615,0.673,1.035c0.123,0.317,0.27,0.794,0.31,1.671c0.043,0.949,0.052,1.234,0.052,3.637 s-0.009,2.688-0.052,3.637c-0.04,0.877-0.187,1.354-0.31,1.671c-0.163,0.42-0.358,0.72-0.673,1.035 c-0.315,0.315-0.615,0.51-1.035,0.673c-0.317,0.123-0.794,0.27-1.671,0.31c-0.949,0.043-1.233,0.052-3.637,0.052 s-2.688-0.009-3.637-0.052c-0.877-0.04-1.354-0.187-1.671-0.31c-0.42-0.163-0.72-0.358-1.035-0.673 c-0.315-0.315-0.51-0.615-0.673-1.035c-0.123-0.317-0.27-0.794-0.31-1.671C4.631,14.688,4.622,14.403,4.622,12 s0.009-2.688,0.052-3.637c0.04-0.877,0.187-1.354,0.31-1.671c0.163-0.42,0.358-0.72,0.673-1.035 c0.315-0.315,0.615-0.51,1.035-0.673c0.317-0.123,0.794-0.27,1.671-0.31C9.312,4.631,9.597,4.622,12,4.622 M12,3 C9.556,3,9.249,3.01,8.289,3.054C7.331,3.098,6.677,3.25,6.105,3.472C5.513,3.702,5.011,4.01,4.511,4.511 c-0.5,0.5-0.808,1.002-1.038,1.594C3.25,6.677,3.098,7.331,3.054,8.289C3.01,9.249,3,9.556,3,12c0,2.444,0.01,2.751,0.054,3.711 c0.044,0.958,0.196,1.612,0.418,2.185c0.23,0.592,0.538,1.094,1.038,1.594c0.5,0.5,1.002,0.808,1.594,1.038 c0.572,0.222,1.227,0.375,2.185,0.418C9.249,20.99,9.556,21,12,21s2.751-0.01,3.711-0.054c0.958-0.044,1.612-0.196,2.185-0.418 c0.592-0.23,1.094-0.538,1.594-1.038c0.5-0.5,0.808-1.002,1.038-1.594c0.222-0.572,0.375-1.227,0.418-2.185 C20.99,14.751,21,14.444,21,12s-0.01-2.751-0.054-3.711c-0.044-0.958-0.196-1.612-0.418-2.185c-0.23-0.592-0.538-1.094-1.038-1.594 c-0.5-0.5-1.002-0.808-1.594-1.038c-0.572-0.222-1.227-0.375-2.185-0.418C14.751,3.01,14.444,3,12,3L12,3z M12,7.378 c-2.552,0-4.622,2.069-4.622,4.622S9.448,16.622,12,16.622s4.622-2.069,4.622-4.622S14.552,7.378,12,7.378z M12,15 c-1.657,0-3-1.343-3-3s1.343-3,3-3s3,1.343,3,3S13.657,15,12,15z M16.804,6.116c-0.596,0-1.08,0.484-1.08,1.08 s0.484,1.08,1.08,1.08c0.596,0,1.08-0.484,1.08-1.08S17.401,6.116,16.804,6.116z\"><\/path><\/svg><span class=\"wp-block-social-link-label screen-reader-text\">Instagram<\/span><\/a><\/li><\/ul>\n","protected":false},"excerpt":{"rendered":"<p>Siia lisan siis v\u00e4heke infot ka endast kes seda lehte haldab. Nimeks on mul siis Oliver, t\u00f6\u00f6tan kaubanduses ja huvideks on nii interneti maailmas toimuv kui ka p\u00e4ris elus spordiga tegelemine ja auto juhtimise nautimine. Muusika kuulamine suur osa minu elust, v\u00e4heke ka gamingut ning s\u00f5pradega chillimine ja pidutsemine osa sellest. FIlmid ja sarjad on [&hellip;]<\/p>\n","protected":false},"author":1,"featured_media":0,"parent":0,"menu_order":0,"comment_status":"closed","ping_status":"closed","template":"","meta":{"footnotes":""},"class_list":["post-24","page","type-page","status-publish","hentry"],"_links":{"self":[{"href":"https:\/\/olzy.eu\/riiul\/wp-json\/wp\/v2\/pages\/24","targetHints":{"allow":["GET"]}}],"collection":[{"href":"https:\/\/olzy.eu\/riiul\/wp-json\/wp\/v2\/pages"}],"about":[{"href":"https:\/\/olzy.eu\/riiul\/wp-json\/wp\/v2\/types\/page"}],"author":[{"embeddable":true,"href":"https:\/\/olzy.eu\/riiul\/wp-json\/wp\/v2\/users\/1"}],"replies":[{"embeddable":true,"href":"https:\/\/olzy.eu\/riiul\/wp-json\/wp\/v2\/comments?post=24"}],"version-history":[{"count":8,"href":"https:\/\/olzy.eu\/riiul\/wp-json\/wp\/v2\/pages\/24\/revisions"}],"predecessor-version":[{"id":82,"href":"https:\/\/olzy.eu\/riiul\/wp-json\/wp\/v2\/pages\/24\/revisions\/82"}],"wp:attachment":[{"href":"https:\/\/olzy.eu\/riiul\/wp-json\/wp\/v2\/media?parent=24"}],"curies":[{"name":"wp","href":"https:\/\/api.w.org\/{rel}","templated":true}]}}